{"id":754,"date":"2014-12-16T23:28:39","date_gmt":"2014-12-16T21:28:39","guid":{"rendered":"http:\/\/www.elks2015.eu\/?page_id=754"},"modified":"2015-12-15T11:41:57","modified_gmt":"2015-12-15T09:41:57","slug":"supporters","status":"publish","type":"page","link":"https:\/\/www.elks2015.eu\/en\/supporters\/","title":{"rendered":"Support us"},"content":{"rendered":"<h2>Sponsors<\/h2>\n<p>We kindly ask to make donations:<br \/>\n&#8211; by bank transfer directly to\u00a0ELKS bank account;<br \/>\n&#8211; with a payment card through our PayPal account.<\/p>\n<p><strong>Payments to\u00a0ELKS bank account<\/strong><\/p>\n<p>The European Latvian Association, reg. no. 40008157244 , address: L\u0101\u010dpl\u0113\u0161a iela 29-5, LV 1011, Riga.<br \/>\nBank details: Swedbank Latvia, BIC code HABALV22, IBAN number LV81HABA0551038658164.<\/p>\n<p><strong>Donations using\u00a0payment cards via PayPal<\/strong><\/p>\n<form action=\"https:\/\/www.paypal.com\/cgi-bin\/webscr\" method=\"post\" target=\"_top\"><input type=\"hidden\" name=\"cmd\" value=\"_s-xclick\"><input type=\"hidden\" name=\"hosted_button_id\" value=\"EEE89UYYDCLTS\"><input type=\"image\" src=\"https:\/\/www.paypalobjects.com\/en_US\/i\/btn\/btn_donateCC_LG.gif\" border=\"0\" name=\"submit\" alt=\"PayPal - The safer, easier way to pay online!\"><img loading=\"lazy\" decoding=\"async\" alt=\"\" border=\"0\" src=\"https:\/\/www.paypalobjects.com\/en_US\/i\/scr\/pixel.gif\" width=\"1\" height=\"1\"><\/form>\n<h2>Advertisers<\/h2>\n<p>We offer advertising space in all ELKS publicity material. Our offer can be found here:\u00a0<a href=\"https:\/\/www.elks2015.eu\/?attachment_id=801\">ELKS offer to advertisers<\/a><\/p>\n","protected":false},"excerpt":{"rendered":"<p>Sponsors We kindly ask to make donations: &#8211; by bank transfer directly to\u00a0ELKS bank account; &#8211; with a payment card through our PayPal account. Payments to\u00a0ELKS bank account The European Latvian Association, reg. no. 40008157244 , address: L\u0101\u010dpl\u0113\u0161a iela 29-5, LV 1011, Riga. Bank details: Swedbank Latvia, BIC code HABALV22, IBAN number LV81HABA0551038658164. Donations using\u00a0payment [&hellip;]<\/p>\n","protected":false},"author":6,"featured_media":0,"parent":0,"menu_order":0,"comment_status":"closed","ping_status":"closed","template":"","meta":{"_acf_changed":false,"footnotes":""},"class_list":["post-754","page","type-page","status-publish","hentry"],"acf":[],"yoast_head":"<!-- This site is optimized with the Yoast SEO plugin v27.5 - https:\/\/yoast.com\/product\/yoast-seo-wordpress\/ -->\n<title>Support us - ELKS - European Festival of Latvian Culture<\/title>\n<meta name=\"robots\" content=\"index, follow, max-snippet:-1, max-image-preview:large, max-video-preview:-1\" \/>\n<link rel=\"canonical\" href=\"https:\/\/www.elks2015.eu\/en\/supporters\/\" \/>\n<meta property=\"og:locale\" content=\"en_US\" \/>\n<meta property=\"og:type\" content=\"article\" \/>\n<meta property=\"og:title\" content=\"Support us - ELKS - European Festival of Latvian Culture\" \/>\n<meta property=\"og:description\" content=\"Sponsors We kindly ask to make donations: &#8211; by bank transfer directly to\u00a0ELKS bank account; &#8211; with a payment card through our PayPal account. Payments to\u00a0ELKS bank account The European Latvian Association, reg. no. 40008157244 , address: L\u0101\u010dpl\u0113\u0161a iela 29-5, LV 1011, Riga. Bank details: Swedbank Latvia, BIC code HABALV22, IBAN number LV81HABA0551038658164. Donations using\u00a0payment [&hellip;]\" \/>\n<meta property=\"og:url\" content=\"https:\/\/www.elks2015.eu\/en\/supporters\/\" \/>\n<meta property=\"og:site_name\" content=\"ELKS - European Festival of Latvian Culture\" \/>\n<meta property=\"article:modified_time\" content=\"2015-12-15T09:41:57+00:00\" \/>\n<script type=\"application\/ld+json\" class=\"yoast-schema-graph\">{\"@context\":\"https:\\\/\\\/schema.org\",\"@graph\":[{\"@type\":\"WebPage\",\"@id\":\"https:\\\/\\\/www.elks2015.eu\\\/en\\\/supporters\\\/\",\"url\":\"https:\\\/\\\/www.elks2015.eu\\\/en\\\/supporters\\\/\",\"name\":\"Support us - ELKS - European Festival of Latvian Culture\",\"isPartOf\":{\"@id\":\"https:\\\/\\\/www.elks2015.eu\\\/#website\"},\"datePublished\":\"2014-12-16T21:28:39+00:00\",\"dateModified\":\"2015-12-15T09:41:57+00:00\",\"breadcrumb\":{\"@id\":\"https:\\\/\\\/www.elks2015.eu\\\/en\\\/supporters\\\/#breadcrumb\"},\"inLanguage\":\"en-US\",\"potentialAction\":[{\"@type\":\"ReadAction\",\"target\":[\"https:\\\/\\\/www.elks2015.eu\\\/en\\\/supporters\\\/\"]}]},{\"@type\":\"BreadcrumbList\",\"@id\":\"https:\\\/\\\/www.elks2015.eu\\\/en\\\/supporters\\\/#breadcrumb\",\"itemListElement\":[{\"@type\":\"ListItem\",\"position\":1,\"name\":\"Home\",\"item\":\"https:\\\/\\\/www.elks2015.eu\\\/\"},{\"@type\":\"ListItem\",\"position\":2,\"name\":\"Support us\"}]},{\"@type\":\"WebSite\",\"@id\":\"https:\\\/\\\/www.elks2015.eu\\\/#website\",\"url\":\"https:\\\/\\\/www.elks2015.eu\\\/\",\"name\":\"ELKS - European Festival of Latvian Culture\",\"description\":\"Brussels, 18-21 June 2015\",\"potentialAction\":[{\"@type\":\"SearchAction\",\"target\":{\"@type\":\"EntryPoint\",\"urlTemplate\":\"https:\\\/\\\/www.elks2015.eu\\\/?s={search_term_string}\"},\"query-input\":{\"@type\":\"PropertyValueSpecification\",\"valueRequired\":true,\"valueName\":\"search_term_string\"}}],\"inLanguage\":\"en-US\"}]}<\/script>\n<!-- \/ Yoast SEO plugin. -->","yoast_head_json":{"title":"Support us - ELKS - European Festival of Latvian Culture","robots":{"index":"index","follow":"follow","max-snippet":"max-snippet:-1","max-image-preview":"max-image-preview:large","max-video-preview":"max-video-preview:-1"},"canonical":"https:\/\/www.elks2015.eu\/en\/supporters\/","og_locale":"en_US","og_type":"article","og_title":"Support us - ELKS - European Festival of Latvian Culture","og_description":"Sponsors We kindly ask to make donations: &#8211; by bank transfer directly to\u00a0ELKS bank account; &#8211; with a payment card through our PayPal account. Payments to\u00a0ELKS bank account The European Latvian Association, reg. no. 40008157244 , address: L\u0101\u010dpl\u0113\u0161a iela 29-5, LV 1011, Riga. Bank details: Swedbank Latvia, BIC code HABALV22, IBAN number LV81HABA0551038658164. Donations using\u00a0payment [&hellip;]","og_url":"https:\/\/www.elks2015.eu\/en\/supporters\/","og_site_name":"ELKS - European Festival of Latvian Culture","article_modified_time":"2015-12-15T09:41:57+00:00","schema":{"@context":"https:\/\/schema.org","@graph":[{"@type":"WebPage","@id":"https:\/\/www.elks2015.eu\/en\/supporters\/","url":"https:\/\/www.elks2015.eu\/en\/supporters\/","name":"Support us - ELKS - European Festival of Latvian Culture","isPartOf":{"@id":"https:\/\/www.elks2015.eu\/#website"},"datePublished":"2014-12-16T21:28:39+00:00","dateModified":"2015-12-15T09:41:57+00:00","breadcrumb":{"@id":"https:\/\/www.elks2015.eu\/en\/supporters\/#breadcrumb"},"inLanguage":"en-US","potentialAction":[{"@type":"ReadAction","target":["https:\/\/www.elks2015.eu\/en\/supporters\/"]}]},{"@type":"BreadcrumbList","@id":"https:\/\/www.elks2015.eu\/en\/supporters\/#breadcrumb","itemListElement":[{"@type":"ListItem","position":1,"name":"Home","item":"https:\/\/www.elks2015.eu\/"},{"@type":"ListItem","position":2,"name":"Support us"}]},{"@type":"WebSite","@id":"https:\/\/www.elks2015.eu\/#website","url":"https:\/\/www.elks2015.eu\/","name":"ELKS - European Festival of Latvian Culture","description":"Brussels, 18-21 June 2015","potentialAction":[{"@type":"SearchAction","target":{"@type":"EntryPoint","urlTemplate":"https:\/\/www.elks2015.eu\/?s={search_term_string}"},"query-input":{"@type":"PropertyValueSpecification","valueRequired":true,"valueName":"search_term_string"}}],"inLanguage":"en-US"}]}},"_links":{"self":[{"href":"https:\/\/www.elks2015.eu\/en\/wp-json\/wp\/v2\/pages\/754","targetHints":{"allow":["GET"]}}],"collection":[{"href":"https:\/\/www.elks2015.eu\/en\/wp-json\/wp\/v2\/pages"}],"about":[{"href":"https:\/\/www.elks2015.eu\/en\/wp-json\/wp\/v2\/types\/page"}],"author":[{"embeddable":true,"href":"https:\/\/www.elks2015.eu\/en\/wp-json\/wp\/v2\/users\/6"}],"replies":[{"embeddable":true,"href":"https:\/\/www.elks2015.eu\/en\/wp-json\/wp\/v2\/comments?post=754"}],"version-history":[{"count":0,"href":"https:\/\/www.elks2015.eu\/en\/wp-json\/wp\/v2\/pages\/754\/revisions"}],"wp:attachment":[{"href":"https:\/\/www.elks2015.eu\/en\/wp-json\/wp\/v2\/media?parent=754"}],"curies":[{"name":"wp","href":"https:\/\/api.w.org\/{rel}","templated":true}]}}