{"id":1363,"date":"2014-12-16T23:28:39","date_gmt":"2014-12-16T21:28:39","guid":{"rendered":"http:\/\/www.elks2015.eu\/ziedotajiem-2\/"},"modified":"2015-12-15T11:39:17","modified_gmt":"2015-12-15T09:39:17","slug":"ziedotajiem","status":"publish","type":"page","link":"https:\/\/www.elks2015.eu\/fr\/ziedotajiem\/","title":{"rendered":"Soutenez-nous"},"content":{"rendered":"<h2>Sponsors<\/h2>\n<p>Pour l\u2019envoi des dons:<br \/>\n\u2013 directement par virement bancaire sur le compte de ELKS;<br \/>\n\u2013 avec une carte de banque par PayPal.<\/p>\n<p><strong>Virements sur le compte de ELKS:<\/strong><\/p>\n<p>Association Lettonne Europ\u00e9enne,\u00a0no. d\u2019immatriculation 40008157244, adresse: L\u0101\u010dpl\u0113\u0161a iela 29-5, LV 1011, Riga.<\/p>\n<p>Banque: Swedbank Latvia, BIC HABALV22, IBAN LV81HABA0551038658164.<\/p>\n<p><strong>Dons par carte de banque via PayPal<\/strong><\/p>\n<form action=\"https:\/\/www.paypal.com\/cgi-bin\/webscr\" method=\"post\" target=\"_top\"><input type=\"hidden\" name=\"cmd\" value=\"_s-xclick\"><input type=\"hidden\" name=\"hosted_button_id\" value=\"EEE89UYYDCLTS\"><input type=\"image\" src=\"https:\/\/www.paypalobjects.com\/en_US\/i\/btn\/btn_donateCC_LG.gif\" border=\"0\" name=\"submit\" alt=\"PayPal - The safer, easier way to pay online!\"><img loading=\"lazy\" decoding=\"async\" alt=\"\" border=\"0\" src=\"https:\/\/www.paypalobjects.com\/en_US\/i\/scr\/pixel.gif\" width=\"1\" height=\"1\"><\/form>\n<h2>Annonceurs<\/h2>\n<p>Nous offrons de l\u2019espace publicitaire dans tout le mat\u00e9riel de communication ELKS. Notre offre se trouve ici:<\/p>\n<p><a href=\"https:\/\/www.elks2015.eu\/?attachment_id=801\">Offre ELKS aux annonceurs<\/a><\/p>\n","protected":false},"excerpt":{"rendered":"<p>Sponsors Pour l\u2019envoi des dons: \u2013 directement par virement bancaire sur le compte de ELKS; \u2013 avec une carte de banque par PayPal. Virements sur le compte de ELKS: Association Lettonne Europ\u00e9enne,\u00a0no. d\u2019immatriculation 40008157244, adresse: L\u0101\u010dpl\u0113\u0161a iela 29-5, LV 1011, Riga. Banque: Swedbank Latvia, BIC HABALV22, IBAN LV81HABA0551038658164. Dons par carte de banque via PayPal [&hellip;]<\/p>\n","protected":false},"author":6,"featured_media":0,"parent":0,"menu_order":0,"comment_status":"closed","ping_status":"closed","template":"","meta":{"_acf_changed":false,"footnotes":""},"class_list":["post-1363","page","type-page","status-publish","hentry"],"acf":[],"yoast_head":"<!-- This site is optimized with the Yoast SEO plugin v27.5 - https:\/\/yoast.com\/product\/yoast-seo-wordpress\/ -->\n<title>Soutenez-nous - ELKS - Eiropas Latvie\u0161u kult\u016bras sv\u0113tki<\/title>\n<meta name=\"robots\" content=\"index, follow, max-snippet:-1, max-image-preview:large, max-video-preview:-1\" \/>\n<link rel=\"canonical\" href=\"https:\/\/www.elks2015.eu\/fr\/ziedotajiem\/\" \/>\n<meta property=\"og:locale\" content=\"fr_FR\" \/>\n<meta property=\"og:type\" content=\"article\" \/>\n<meta property=\"og:title\" content=\"Soutenez-nous - ELKS - Eiropas Latvie\u0161u kult\u016bras sv\u0113tki\" \/>\n<meta property=\"og:description\" content=\"Sponsors Pour l\u2019envoi des dons: \u2013 directement par virement bancaire sur le compte de ELKS; \u2013 avec une carte de banque par PayPal. Virements sur le compte de ELKS: Association Lettonne Europ\u00e9enne,\u00a0no. d\u2019immatriculation 40008157244, adresse: L\u0101\u010dpl\u0113\u0161a iela 29-5, LV 1011, Riga. Banque: Swedbank Latvia, BIC HABALV22, IBAN LV81HABA0551038658164. Dons par carte de banque via PayPal [&hellip;]\" \/>\n<meta property=\"og:url\" content=\"https:\/\/www.elks2015.eu\/fr\/ziedotajiem\/\" \/>\n<meta property=\"og:site_name\" content=\"ELKS - Eiropas Latvie\u0161u kult\u016bras sv\u0113tki\" \/>\n<meta property=\"article:modified_time\" content=\"2015-12-15T09:39:17+00:00\" \/>\n<script type=\"application\/ld+json\" class=\"yoast-schema-graph\">{\"@context\":\"https:\\\/\\\/schema.org\",\"@graph\":[{\"@type\":\"WebPage\",\"@id\":\"https:\\\/\\\/www.elks2015.eu\\\/fr\\\/ziedotajiem\\\/\",\"url\":\"https:\\\/\\\/www.elks2015.eu\\\/fr\\\/ziedotajiem\\\/\",\"name\":\"Soutenez-nous - ELKS - Eiropas Latvie\u0161u kult\u016bras sv\u0113tki\",\"isPartOf\":{\"@id\":\"https:\\\/\\\/www.elks2015.eu\\\/#website\"},\"datePublished\":\"2014-12-16T21:28:39+00:00\",\"dateModified\":\"2015-12-15T09:39:17+00:00\",\"breadcrumb\":{\"@id\":\"https:\\\/\\\/www.elks2015.eu\\\/fr\\\/ziedotajiem\\\/#breadcrumb\"},\"inLanguage\":\"fr-FR\",\"potentialAction\":[{\"@type\":\"ReadAction\",\"target\":[\"https:\\\/\\\/www.elks2015.eu\\\/fr\\\/ziedotajiem\\\/\"]}]},{\"@type\":\"BreadcrumbList\",\"@id\":\"https:\\\/\\\/www.elks2015.eu\\\/fr\\\/ziedotajiem\\\/#breadcrumb\",\"itemListElement\":[{\"@type\":\"ListItem\",\"position\":1,\"name\":\"Home\",\"item\":\"https:\\\/\\\/www.elks2015.eu\\\/\"},{\"@type\":\"ListItem\",\"position\":2,\"name\":\"Soutenez-nous\"}]},{\"@type\":\"WebSite\",\"@id\":\"https:\\\/\\\/www.elks2015.eu\\\/#website\",\"url\":\"https:\\\/\\\/www.elks2015.eu\\\/\",\"name\":\"ELKS - Eiropas Latvie\u0161u kult\u016bras sv\u0113tki\",\"description\":\"18.-21.j\u016bnijs 2015, Brisele\",\"potentialAction\":[{\"@type\":\"SearchAction\",\"target\":{\"@type\":\"EntryPoint\",\"urlTemplate\":\"https:\\\/\\\/www.elks2015.eu\\\/?s={search_term_string}\"},\"query-input\":{\"@type\":\"PropertyValueSpecification\",\"valueRequired\":true,\"valueName\":\"search_term_string\"}}],\"inLanguage\":\"fr-FR\"}]}<\/script>\n<!-- \/ Yoast SEO plugin. -->","yoast_head_json":{"title":"Soutenez-nous - ELKS - Eiropas Latvie\u0161u kult\u016bras sv\u0113tki","robots":{"index":"index","follow":"follow","max-snippet":"max-snippet:-1","max-image-preview":"max-image-preview:large","max-video-preview":"max-video-preview:-1"},"canonical":"https:\/\/www.elks2015.eu\/fr\/ziedotajiem\/","og_locale":"fr_FR","og_type":"article","og_title":"Soutenez-nous - ELKS - Eiropas Latvie\u0161u kult\u016bras sv\u0113tki","og_description":"Sponsors Pour l\u2019envoi des dons: \u2013 directement par virement bancaire sur le compte de ELKS; \u2013 avec une carte de banque par PayPal. Virements sur le compte de ELKS: Association Lettonne Europ\u00e9enne,\u00a0no. d\u2019immatriculation 40008157244, adresse: L\u0101\u010dpl\u0113\u0161a iela 29-5, LV 1011, Riga. Banque: Swedbank Latvia, BIC HABALV22, IBAN LV81HABA0551038658164. Dons par carte de banque via PayPal [&hellip;]","og_url":"https:\/\/www.elks2015.eu\/fr\/ziedotajiem\/","og_site_name":"ELKS - Eiropas Latvie\u0161u kult\u016bras sv\u0113tki","article_modified_time":"2015-12-15T09:39:17+00:00","schema":{"@context":"https:\/\/schema.org","@graph":[{"@type":"WebPage","@id":"https:\/\/www.elks2015.eu\/fr\/ziedotajiem\/","url":"https:\/\/www.elks2015.eu\/fr\/ziedotajiem\/","name":"Soutenez-nous - ELKS - Eiropas Latvie\u0161u kult\u016bras sv\u0113tki","isPartOf":{"@id":"https:\/\/www.elks2015.eu\/#website"},"datePublished":"2014-12-16T21:28:39+00:00","dateModified":"2015-12-15T09:39:17+00:00","breadcrumb":{"@id":"https:\/\/www.elks2015.eu\/fr\/ziedotajiem\/#breadcrumb"},"inLanguage":"fr-FR","potentialAction":[{"@type":"ReadAction","target":["https:\/\/www.elks2015.eu\/fr\/ziedotajiem\/"]}]},{"@type":"BreadcrumbList","@id":"https:\/\/www.elks2015.eu\/fr\/ziedotajiem\/#breadcrumb","itemListElement":[{"@type":"ListItem","position":1,"name":"Home","item":"https:\/\/www.elks2015.eu\/"},{"@type":"ListItem","position":2,"name":"Soutenez-nous"}]},{"@type":"WebSite","@id":"https:\/\/www.elks2015.eu\/#website","url":"https:\/\/www.elks2015.eu\/","name":"ELKS - Eiropas Latvie\u0161u kult\u016bras sv\u0113tki","description":"18.-21.j\u016bnijs 2015, Brisele","potentialAction":[{"@type":"SearchAction","target":{"@type":"EntryPoint","urlTemplate":"https:\/\/www.elks2015.eu\/?s={search_term_string}"},"query-input":{"@type":"PropertyValueSpecification","valueRequired":true,"valueName":"search_term_string"}}],"inLanguage":"fr-FR"}]}},"_links":{"self":[{"href":"https:\/\/www.elks2015.eu\/fr\/wp-json\/wp\/v2\/pages\/1363","targetHints":{"allow":["GET"]}}],"collection":[{"href":"https:\/\/www.elks2015.eu\/fr\/wp-json\/wp\/v2\/pages"}],"about":[{"href":"https:\/\/www.elks2015.eu\/fr\/wp-json\/wp\/v2\/types\/page"}],"author":[{"embeddable":true,"href":"https:\/\/www.elks2015.eu\/fr\/wp-json\/wp\/v2\/users\/6"}],"replies":[{"embeddable":true,"href":"https:\/\/www.elks2015.eu\/fr\/wp-json\/wp\/v2\/comments?post=1363"}],"version-history":[{"count":0,"href":"https:\/\/www.elks2015.eu\/fr\/wp-json\/wp\/v2\/pages\/1363\/revisions"}],"wp:attachment":[{"href":"https:\/\/www.elks2015.eu\/fr\/wp-json\/wp\/v2\/media?parent=1363"}],"curies":[{"name":"wp","href":"https:\/\/api.w.org\/{rel}","templated":true}]}}