{"id":1401,"date":"2014-12-16T00:55:46","date_gmt":"2014-12-15T22:55:46","guid":{"rendered":"http:\/\/www.elks2015.eu\/programma-2\/"},"modified":"2015-06-15T00:49:31","modified_gmt":"2015-06-14T22:49:31","slug":"programma","status":"publish","type":"page","link":"https:\/\/www.elks2015.eu\/fr\/programma\/","title":{"rendered":"Programme"},"content":{"rendered":"<p style=\"text-align: justify;\"><img loading=\"lazy\" decoding=\"async\" class=\"alignnone size-full wp-image-385\" src=\"https:\/\/www.elks2015.eu\/wp-content\/uploads\/foto_programma2.png\" alt=\"foto_programma2\" width=\"1000\" height=\"300\" srcset=\"https:\/\/www.elks2015.eu\/wp-content\/uploads\/foto_programma2.png 1000w, https:\/\/www.elks2015.eu\/wp-content\/uploads\/foto_programma2-300x90.png 300w, https:\/\/www.elks2015.eu\/wp-content\/uploads\/foto_programma2-994x298.png 994w, https:\/\/www.elks2015.eu\/wp-content\/uploads\/foto_programma2-150x45.png 150w\" sizes=\"auto, (max-width: 1000px) 100vw, 1000px\" \/><\/p>\n<p><a href=\"https:\/\/www.elks2015.eu\/fr\/pasakumi\/reservez-votre-place-assise-pour-le-grand-concert-elks\/\"><span style=\"color: #800000;\"><strong>R\u00e9servez votre place assise pour le grand concert ELKS<\/strong><\/span><\/a><\/p>\n<p>NB\u00a0:\u00a0<strong>En cliquant sur les \u00e9v\u00e9nements vous verrez les lieux respectifs!<\/strong><\/p>\n<div class=\"row\"><div class=\"large-6 columns\"><h2>18. juin<\/h2><p><a class=\"specialp\" href=\"https:\/\/www.elks2015.eu\/fr\/pasakumi\/souvenirs-et-billetterie\/\">16:00 - 20.00 vente de souvenirs et billets<br><\/a><a class=\"specialp\" href=\"https:\/\/www.elks2015.eu\/fr\/pasakumi\/celebration-religieuse\/\">18.00 - 19.00 messe (en letton)<br><\/a><a class=\"specialp\" href=\"https:\/\/www.elks2015.eu\/fr\/pasakumi\/dj-burzins\/\">18:30 - 20:00 le\u00e7on sur la langue lettonne<br><\/a><a class=\"specialp\" href=\"https:\/\/www.elks2015.eu\/fr\/pasakumi\/ouverture-et-concert-de-viegli-avec-austrumkalns-en-premiere-partie\/\">20:00 - 23.00 OUVERTURE ET CONCERT DU GROUPE \u00ab VIEGLI \u00bb, \u00e9chauffement par \u00ab Kok\u013cu Zapte \u00bb<br><\/a><\/p><\/div><div class=\"large-6 columns\"><h2>19. juin<\/h2><p><a class=\"specialp\" href=\"https:\/\/www.elks2015.eu\/fr\/pasakumi\/concert-devant-le-parlement-europeen\/\">10.00 - 11.00 flash-mob concert aupr\u00e8s du Parlement Europ\u00e9en<br><\/a><a class=\"specialp\" href=\"https:\/\/www.elks2015.eu\/fr\/pasakumi\/flash-mobs-dans-la-ville\/\">12.00 - 14.00 flash-mobs en ville<br><\/a><a class=\"specialp\" href=\"https:\/\/www.elks2015.eu\/fr\/pasakumi\/a-jansones-lekcija-tradicionalais-tautas-terps-un-apgerba-attistiba-latvija-19-gs-2\/\">15:00 - 16:30 conf\u00e9rence de A. Jansone sur les v\u00eatements folkloriques et leur d\u00e9veloppement en Lettonie au 19\u00e8me si\u00e8cle (en letton)<br><\/a><a class=\"specialp\" href=\"https:\/\/www.elks2015.eu\/fr\/pasakumi\/a-jansones-lekcija-tradicionalais-tautas-terps-un-apgerba-attistiba-latvija-19-gs\/\">18:00 - 19:30 conf\u00e9rence de A. Jansone sur les v\u00eatements folkloriques et leur d\u00e9veloppement en Lettonie au 19\u00e8me si\u00e8cle (en letton)<br><\/a><a class=\"specialp\" href=\"https:\/\/www.elks2015.eu\/fr\/pasakumi\/musique-de-chambre-recitals-de-poesie-etc\/\">19.00 - 21.00 spectacle de po\u00e9sie et musique de chambre (en letton, introduction en anglais)<br><\/a><a class=\"specialp\" href=\"https:\/\/www.elks2015.eu\/fr\/pasakumi\/piece-de-theatre-jouee-par-le-brussels-latvian-theatre-velreiz-silmacos-autrefois-a-silmaci\/\">20.00 - 22.00 spectacle du th\u00e9\u00e2tre letton de Bruxelles \u00ab V\u0113lreiz Silma\u010dos \u00bb (une autre fois \u00e0 Silma\u010di) (en letton)<br><\/a><a class=\"specialp\" href=\"https:\/\/www.elks2015.eu\/fr\/pasakumi\/concert-d-astronout-avec-koklu-zapte-en-premiere-partie\/\">20.00 - 24.00 CONCERT DU GROUPE \u00ab ASTRON\u00b4N\u00b4OUT  \u00bb, \u00e9chauffement par \u00ab Austrumkalns \u00bb<br><\/a><\/p><\/div><div class=\"large-6 columns\"><h2>20. juin<\/h2><p><a class=\"specialp\" href=\"https:\/\/www.elks2015.eu\/fr\/pasakumi\/adisanas-lekcija-un-meistarklase\/\">13:00 - 16:00 conf\u00e9rence et atelier \u00ab tricoter des motifs traditionnels lettons \u00bb (en anglais)<br><\/a><a class=\"specialp\" href=\"https:\/\/www.elks2015.eu\/fr\/pasakumi\/musique-de-chambre-recitals-de-poesie-etc-2\/\">14.30 - 16.30 repr\u00e9sentation de po\u00e9sie et musique de chambre (en letton, introduction en anglais)<br><\/a><a class=\"specialp\" href=\"https:\/\/www.elks2015.eu\/fr\/pasakumi\/theatre-pour-enfants-istabas-fabulas\/\">15.00 - 16.00 spectacle pour enfants \u00ab Istabas fabulas \u00bb (contes de f\u00e9e dans une chambre) (en letton, introduction en n\u00e9erlandais)<br><\/a><a class=\"specialp\" href=\"https:\/\/www.elks2015.eu\/fr\/pasakumi\/reservez-votre-place-assise-pour-le-grand-concert-elks\/\">18:00 - 21:00 GRAND CONCERT DE CHANSON ET DANSE<br><\/a><a class=\"specialp\" href=\"https:\/\/www.elks2015.eu\/fr\/pasakumi\/after-party-et-danses-folkloriques\/\">22.00 - 04.00 AFTER-PARTY ET DANSES FOLKLORIQUES<br><\/a><\/p><\/div><div class=\"large-6 columns\"><h2>21. juin<\/h2><p><a class=\"specialp\" href=\"https:\/\/www.elks2015.eu\/fr\/pasakumi\/fete-de-remerciements-concert-de-dagamba\/\">00.30 - 2.00 CLOTURE DU FESTIVAL et concert du groupe \u201cDAGAMBA\u201d<br><\/a><a class=\"specialp\" href=\"https:\/\/www.elks2015.eu\/fr\/pasakumi\/excursions\/\">12.00 - 15.00 excursions<br><\/a><a class=\"specialp\" href=\"https:\/\/www.elks2015.eu\/fr\/pasakumi\/concert-de-musique-sacree-cantate-dievs-tava-zeme-deg-dieu-ton-pays-brule-de-lucija-garuta\/\">16:30 - 18:00 concert de musique sacr\u00e9e de L\u016bcija Gar\u016bta \u00ab Dievs tava zeme deg \u00bb (Dieu, ton pays br\u00fble)<br><\/a><\/p><\/div><\/div>\n<h2>Version du programme \u00e1 imprimer<\/h2>\n<p><a href=\"https:\/\/www.elks2015.eu\/wp-content\/uploads\/Events-in-ELKS.pdf\">La programme<\/a><\/p>\n<h2>Le map des lieux du ELKS<\/h2>\n<p><a href=\"https:\/\/www.google.com\/maps\/d\/edit?mid=zRuKezt3MoPs.kwlOt98Lo2iA&amp;usp=sharing\">Le map<\/a><\/p>\n<h2>Participants<\/h2>\n<p>Briseles Latvie\u0161u koris (Be\u013c\u0123ija)<br \/>\n\u00ab\u00a0Le Ch\u0153ur de la Vall\u00e9e\u00a0\u00bb (Be\u013c\u0123ija)<br \/>\nLatvie\u0161u biedr\u012bbas \u012arij\u0101 koris \u201ceLV\u0113\u201d (\u012arija)<br \/>\nJauktais koris \u00ab\u00a0Sonante\u00a0\u00bb (Latvija)<br \/>\nLU absolventu koris \u00ab\u00a0Jubilate\u00a0\u00bb (Latvija)<br \/>\nBristoles Latvie\u0161u koris (Lielbrit\u0101nija)<br \/>\nLondonas Latvie\u0161u koris (Lielbrit\u0101nija)<br \/>\nStraum\u0113nu jauktais koris (Lielbrit\u0101nija)<br \/>\nKentas graafistes vokaalais ansamblis (Lielbrit\u0101nija)<br \/>\nKoris \u201cMeluz\u012bna\u201d (Luksemburga)<br \/>\nN\u012bderlandes latvie\u0161u apvienotais koris (N\u012bderlande)<br \/>\nOslo latvie\u0161u ansamblis \u201cLaipa\u201d (Norv\u0113\u0123ija)<br \/>\nLatviesu-somu jauktais koris \u201cZieme\u013cmeita\u201d (Somija)<br \/>\nBerl\u012bnes Latvie\u0161u koris (V\u0101cija)<br \/>\nFrankfurtes latvie\u0161u sievie\u0161u koris \u201cSilava\u201d (V\u0101cija)<br \/>\nKoris \u201cKor\u012btis\u201d (V\u0101cija)<br \/>\nG\u0113teborgas Latvie\u0161u koris (Zviedrija)<br \/>\nStokholmas Latvie\u0161u koris (Zviedrija)<\/p>\n<p>Briseles latvie\u0161u dejot\u0101ji (pieaugu\u0161ie) (Be\u013c\u0123ija)<br \/>\nBriseles latvie\u0161u dejot\u0101ji (b\u0113rni) (Be\u013c\u0123ija)<br \/>\nDeju kopa \u201cNemiers\u201d (\u012arija)<br \/>\nTautas deju ansamblis \u201cZ\u012ble\u201d (Latvija)<br \/>\nVid\u0113j\u0101s paaudzes deju kolekt\u012bvs \u201cSiguldietis\u201d (Latvija)<br \/>\nBristoles Latvie\u0161u dan\u010di \u201cRun\u010di un Brun\u010di\u201d (Lielbrit\u0101nija)<br \/>\nDeju kopa \u201cKamoli\u0146\u0161\u201d (Lielbrit\u0101nija)<br \/>\nLondonas Latvie\u0161u tautas deju kopa \u201cLondona Dejo\u201d (Lielbrit\u0101nija)<br \/>\nKentas gr\u0101fistes Latvie\u0161u skolas \u201cGar\u0101 pupa\u201d deju kopa \u201dTrejdeksn\u012b\u0161i\u201d (Lielbrit\u0101nija)<br \/>\nLatvie\u0161u deju kolekt\u012bvs \u00ab\u00a0Zieme\u013cmeita\u00a0\u00bb (Norv\u0113\u0123ija)<br \/>\nMinsteres latvie\u0161u deju kopa \u201cMiLaDeKo\u201d (V\u0101cija)<br \/>\n\u0160tutgartes deju kopa \u201cTrejdeksn\u012btis\u201d (V\u0101cija)<br \/>\nTautas deju kopa \u201cLuste\u201d (Sp\u0101nija)<br \/>\n\u0160veices Latvie\u0161u Deju Kopa (\u0160veice)<br \/>\nTautas deju kolekt\u012bvs \u00ab\u00a0Ziben\u012btis\u00a0\u00bb (Zviedrija)<\/p>\n<p>Latvie\u0161u Nacion\u0101l\u0101s kult\u016bras biedr\u012bbas Igaunij\u0101 folkloras kopa \u00ab\u00a0R\u0113vele\u00a0\u00bb (Igaunija)<br \/>\nRopa\u017eu novada b\u0113rnu un jaunie\u0161u folkloras kopa \u00ab\u00a0Ogl\u012bte\u00a0\u00bb (Latvija)<br \/>\nZieme\u013canglijas latvie\u0161u folkloras kopa \u00abD\u016bdalnieki\u00bb (Lielbrit\u0101nija)<br \/>\n\u201cAustrumkalns\u201d (Lielbrit\u0101nija)<br \/>\n\u201cKok\u013cu Zapte\u201d (Lielbrit\u0101nija)<\/p>\n<h2>Artistes invit\u00e9s<\/h2>\n<p>Les invit\u00e9s sp\u00e9ciaux d\u2019ELKS seront les musiciens du Fonds Imants Ziedonis \u201cViegli\u201d et les groupes \u201cAstro\u2019n\u2019out\u201d et \u201cDa Gamba\u201d de Lettonie. Il y aura des concerts individuels de \u201cAustrumkalns\u201d et \u201cKok\u013cu zapte\u201d du Royaume Uni, et de \u201cS\u0113j\u0101ne &amp; Grasis\u201d d\u2019Allemagne.<\/p>\n<p>La chanteuse Folk Krist\u012bne K\u0101rkle-Purina a confirm\u00e9 sa participation, et avec son ensemble \u00ab\u00a0Raxtu Raxti\u00a0\u00bb elle accompagnera le grand concert de chant et de danse, et jouera \u00e9galement \u00e0 la f\u00eate apr\u00e8s le festival.<\/p>\n","protected":false},"excerpt":{"rendered":"<p>R\u00e9servez votre place assise pour le grand concert ELKS NB\u00a0:\u00a0En cliquant sur les \u00e9v\u00e9nements vous verrez les lieux respectifs! Version du programme \u00e1 imprimer La programme Le map des lieux du ELKS Le map Participants Briseles Latvie\u0161u koris (Be\u013c\u0123ija) \u00ab\u00a0Le Ch\u0153ur de la Vall\u00e9e\u00a0\u00bb (Be\u013c\u0123ija) Latvie\u0161u biedr\u012bbas \u012arij\u0101 koris \u201ceLV\u0113\u201d (\u012arija) Jauktais koris \u00ab\u00a0Sonante\u00a0\u00bb (Latvija) [&hellip;]<\/p>\n","protected":false},"author":6,"featured_media":0,"parent":0,"menu_order":0,"comment_status":"closed","ping_status":"closed","template":"","meta":{"_acf_changed":false,"footnotes":""},"class_list":["post-1401","page","type-page","status-publish","hentry"],"acf":[],"yoast_head":"<!-- This site is optimized with the Yoast SEO plugin v27.6 - https:\/\/yoast.com\/product\/yoast-seo-wordpress\/ -->\n<title>Programme - ELKS - Eiropas Latvie\u0161u kult\u016bras sv\u0113tki<\/title>\n<meta name=\"robots\" content=\"index, follow, max-snippet:-1, max-image-preview:large, max-video-preview:-1\" \/>\n<link rel=\"canonical\" href=\"https:\/\/www.elks2015.eu\/fr\/programma\/\" \/>\n<meta property=\"og:locale\" content=\"fr_FR\" \/>\n<meta property=\"og:type\" content=\"article\" \/>\n<meta property=\"og:title\" content=\"Programme - ELKS - Eiropas Latvie\u0161u kult\u016bras sv\u0113tki\" \/>\n<meta property=\"og:description\" content=\"R\u00e9servez votre place assise pour le grand concert ELKS NB\u00a0:\u00a0En cliquant sur les \u00e9v\u00e9nements vous verrez les lieux respectifs! Version du programme \u00e1 imprimer La programme Le map des lieux du ELKS Le map Participants Briseles Latvie\u0161u koris (Be\u013c\u0123ija) \u00ab\u00a0Le Ch\u0153ur de la Vall\u00e9e\u00a0\u00bb (Be\u013c\u0123ija) Latvie\u0161u biedr\u012bbas \u012arij\u0101 koris \u201ceLV\u0113\u201d (\u012arija) Jauktais koris \u00ab\u00a0Sonante\u00a0\u00bb (Latvija) [&hellip;]\" \/>\n<meta property=\"og:url\" content=\"https:\/\/www.elks2015.eu\/fr\/programma\/\" \/>\n<meta property=\"og:site_name\" content=\"ELKS - Eiropas Latvie\u0161u kult\u016bras sv\u0113tki\" \/>\n<meta property=\"article:modified_time\" content=\"2015-06-14T22:49:31+00:00\" \/>\n<meta property=\"og:image\" content=\"https:\/\/www.elks2015.eu\/wp-content\/uploads\/foto_programma2.png\" \/>\n<meta name=\"twitter:label1\" content=\"Dur\u00e9e de lecture estim\u00e9e\" \/>\n\t<meta name=\"twitter:data1\" content=\"2 minutes\" \/>\n<script type=\"application\/ld+json\" class=\"yoast-schema-graph\">{\"@context\":\"https:\\\/\\\/schema.org\",\"@graph\":[{\"@type\":\"WebPage\",\"@id\":\"https:\\\/\\\/www.elks2015.eu\\\/fr\\\/programma\\\/\",\"url\":\"https:\\\/\\\/www.elks2015.eu\\\/fr\\\/programma\\\/\",\"name\":\"Programme - ELKS - Eiropas Latvie\u0161u kult\u016bras sv\u0113tki\",\"isPartOf\":{\"@id\":\"https:\\\/\\\/www.elks2015.eu\\\/#website\"},\"primaryImageOfPage\":{\"@id\":\"https:\\\/\\\/www.elks2015.eu\\\/fr\\\/programma\\\/#primaryimage\"},\"image\":{\"@id\":\"https:\\\/\\\/www.elks2015.eu\\\/fr\\\/programma\\\/#primaryimage\"},\"thumbnailUrl\":\"https:\\\/\\\/www.elks2015.eu\\\/wp-content\\\/uploads\\\/foto_programma2.png\",\"datePublished\":\"2014-12-15T22:55:46+00:00\",\"dateModified\":\"2015-06-14T22:49:31+00:00\",\"breadcrumb\":{\"@id\":\"https:\\\/\\\/www.elks2015.eu\\\/fr\\\/programma\\\/#breadcrumb\"},\"inLanguage\":\"fr-FR\",\"potentialAction\":[{\"@type\":\"ReadAction\",\"target\":[\"https:\\\/\\\/www.elks2015.eu\\\/fr\\\/programma\\\/\"]}]},{\"@type\":\"ImageObject\",\"inLanguage\":\"fr-FR\",\"@id\":\"https:\\\/\\\/www.elks2015.eu\\\/fr\\\/programma\\\/#primaryimage\",\"url\":\"https:\\\/\\\/www.elks2015.eu\\\/wp-content\\\/uploads\\\/foto_programma2.png\",\"contentUrl\":\"https:\\\/\\\/www.elks2015.eu\\\/wp-content\\\/uploads\\\/foto_programma2.png\"},{\"@type\":\"BreadcrumbList\",\"@id\":\"https:\\\/\\\/www.elks2015.eu\\\/fr\\\/programma\\\/#breadcrumb\",\"itemListElement\":[{\"@type\":\"ListItem\",\"position\":1,\"name\":\"Home\",\"item\":\"https:\\\/\\\/www.elks2015.eu\\\/\"},{\"@type\":\"ListItem\",\"position\":2,\"name\":\"Programme\"}]},{\"@type\":\"WebSite\",\"@id\":\"https:\\\/\\\/www.elks2015.eu\\\/#website\",\"url\":\"https:\\\/\\\/www.elks2015.eu\\\/\",\"name\":\"ELKS - Eiropas Latvie\u0161u kult\u016bras sv\u0113tki\",\"description\":\"18.-21.j\u016bnijs 2015, Brisele\",\"potentialAction\":[{\"@type\":\"SearchAction\",\"target\":{\"@type\":\"EntryPoint\",\"urlTemplate\":\"https:\\\/\\\/www.elks2015.eu\\\/?s={search_term_string}\"},\"query-input\":{\"@type\":\"PropertyValueSpecification\",\"valueRequired\":true,\"valueName\":\"search_term_string\"}}],\"inLanguage\":\"fr-FR\"}]}<\/script>\n<!-- \/ Yoast SEO plugin. -->","yoast_head_json":{"title":"Programme - ELKS - Eiropas Latvie\u0161u kult\u016bras sv\u0113tki","robots":{"index":"index","follow":"follow","max-snippet":"max-snippet:-1","max-image-preview":"max-image-preview:large","max-video-preview":"max-video-preview:-1"},"canonical":"https:\/\/www.elks2015.eu\/fr\/programma\/","og_locale":"fr_FR","og_type":"article","og_title":"Programme - ELKS - Eiropas Latvie\u0161u kult\u016bras sv\u0113tki","og_description":"R\u00e9servez votre place assise pour le grand concert ELKS NB\u00a0:\u00a0En cliquant sur les \u00e9v\u00e9nements vous verrez les lieux respectifs! Version du programme \u00e1 imprimer La programme Le map des lieux du ELKS Le map Participants Briseles Latvie\u0161u koris (Be\u013c\u0123ija) \u00ab\u00a0Le Ch\u0153ur de la Vall\u00e9e\u00a0\u00bb (Be\u013c\u0123ija) Latvie\u0161u biedr\u012bbas \u012arij\u0101 koris \u201ceLV\u0113\u201d (\u012arija) Jauktais koris \u00ab\u00a0Sonante\u00a0\u00bb (Latvija) [&hellip;]","og_url":"https:\/\/www.elks2015.eu\/fr\/programma\/","og_site_name":"ELKS - Eiropas Latvie\u0161u kult\u016bras sv\u0113tki","article_modified_time":"2015-06-14T22:49:31+00:00","og_image":[{"url":"https:\/\/www.elks2015.eu\/wp-content\/uploads\/foto_programma2.png","type":"","width":"","height":""}],"twitter_misc":{"Dur\u00e9e de lecture estim\u00e9e":"2 minutes"},"schema":{"@context":"https:\/\/schema.org","@graph":[{"@type":"WebPage","@id":"https:\/\/www.elks2015.eu\/fr\/programma\/","url":"https:\/\/www.elks2015.eu\/fr\/programma\/","name":"Programme - ELKS - Eiropas Latvie\u0161u kult\u016bras sv\u0113tki","isPartOf":{"@id":"https:\/\/www.elks2015.eu\/#website"},"primaryImageOfPage":{"@id":"https:\/\/www.elks2015.eu\/fr\/programma\/#primaryimage"},"image":{"@id":"https:\/\/www.elks2015.eu\/fr\/programma\/#primaryimage"},"thumbnailUrl":"https:\/\/www.elks2015.eu\/wp-content\/uploads\/foto_programma2.png","datePublished":"2014-12-15T22:55:46+00:00","dateModified":"2015-06-14T22:49:31+00:00","breadcrumb":{"@id":"https:\/\/www.elks2015.eu\/fr\/programma\/#breadcrumb"},"inLanguage":"fr-FR","potentialAction":[{"@type":"ReadAction","target":["https:\/\/www.elks2015.eu\/fr\/programma\/"]}]},{"@type":"ImageObject","inLanguage":"fr-FR","@id":"https:\/\/www.elks2015.eu\/fr\/programma\/#primaryimage","url":"https:\/\/www.elks2015.eu\/wp-content\/uploads\/foto_programma2.png","contentUrl":"https:\/\/www.elks2015.eu\/wp-content\/uploads\/foto_programma2.png"},{"@type":"BreadcrumbList","@id":"https:\/\/www.elks2015.eu\/fr\/programma\/#breadcrumb","itemListElement":[{"@type":"ListItem","position":1,"name":"Home","item":"https:\/\/www.elks2015.eu\/"},{"@type":"ListItem","position":2,"name":"Programme"}]},{"@type":"WebSite","@id":"https:\/\/www.elks2015.eu\/#website","url":"https:\/\/www.elks2015.eu\/","name":"ELKS - Eiropas Latvie\u0161u kult\u016bras sv\u0113tki","description":"18.-21.j\u016bnijs 2015, Brisele","potentialAction":[{"@type":"SearchAction","target":{"@type":"EntryPoint","urlTemplate":"https:\/\/www.elks2015.eu\/?s={search_term_string}"},"query-input":{"@type":"PropertyValueSpecification","valueRequired":true,"valueName":"search_term_string"}}],"inLanguage":"fr-FR"}]}},"_links":{"self":[{"href":"https:\/\/www.elks2015.eu\/fr\/wp-json\/wp\/v2\/pages\/1401","targetHints":{"allow":["GET"]}}],"collection":[{"href":"https:\/\/www.elks2015.eu\/fr\/wp-json\/wp\/v2\/pages"}],"about":[{"href":"https:\/\/www.elks2015.eu\/fr\/wp-json\/wp\/v2\/types\/page"}],"author":[{"embeddable":true,"href":"https:\/\/www.elks2015.eu\/fr\/wp-json\/wp\/v2\/users\/6"}],"replies":[{"embeddable":true,"href":"https:\/\/www.elks2015.eu\/fr\/wp-json\/wp\/v2\/comments?post=1401"}],"version-history":[{"count":0,"href":"https:\/\/www.elks2015.eu\/fr\/wp-json\/wp\/v2\/pages\/1401\/revisions"}],"wp:attachment":[{"href":"https:\/\/www.elks2015.eu\/fr\/wp-json\/wp\/v2\/media?parent=1401"}],"curies":[{"name":"wp","href":"https:\/\/api.w.org\/{rel}","templated":true}]}}