{"id":1486,"date":"2014-12-16T23:28:39","date_gmt":"2014-12-16T21:28:39","guid":{"rendered":"http:\/\/www.elks2015.eu\/supporters-2\/"},"modified":"2015-12-15T11:39:38","modified_gmt":"2015-12-15T09:39:38","slug":"supporters","status":"publish","type":"page","link":"https:\/\/www.elks2015.eu\/nl\/supporters\/","title":{"rendered":"Steun ons"},"content":{"rendered":"<h2>Sponsors<\/h2>\n<p><span style=\"text-decoration: underline;\">Je kan ELKS steunen met schenkingen!<\/span><\/p>\n<p>Giften kunnen gebeuren<br \/>\n&#8211; Rechtstreeks op de rekening van ELKS via bankoverschrijving<br \/>\n&#8211; Met een storting via PayPal.<\/p>\n<p><strong>Betalingen op de bankrekening van ELKS<\/strong><\/p>\n<p>The European Latvian Association, reg. no. 40008157244<br \/>\nAdres : L\u0101\u010dpl\u0113\u0161a iela 29-5, LV 1011, Riga.<br \/>\nBank details: Swedbank Latvia, BIC code HABALV22, IBAN number LV81HABA0551038658164.<\/p>\n<p><strong>Giften met betaalkaarten via PayPal<\/strong><\/p>\n<form action=\"https:\/\/www.paypal.com\/cgi-bin\/webscr\" method=\"post\" target=\"_top\"><input type=\"hidden\" name=\"cmd\" value=\"_s-xclick\"><input type=\"hidden\" name=\"hosted_button_id\" value=\"EEE89UYYDCLTS\"><input type=\"image\" src=\"https:\/\/www.paypalobjects.com\/en_US\/i\/btn\/btn_donateCC_LG.gif\" border=\"0\" name=\"submit\" alt=\"PayPal - The safer, easier way to pay online!\"><img loading=\"lazy\" decoding=\"async\" alt=\"\" border=\"0\" src=\"https:\/\/www.paypalobjects.com\/en_US\/i\/scr\/pixel.gif\" width=\"1\" height=\"1\"><\/form>\n<h2>Adverteerders<\/h2>\n<p>Wij bieden publiciteitsruimte in al de ELKS publicaties. Ons aanbod vindt u hier:\u00a0 <a href=\"https:\/\/www.elks2015.eu\/?attachment_id=801\" target=\"_blank\">ELKS aanbieding voor adverteerders<\/a><\/p>\n","protected":false},"excerpt":{"rendered":"<p>Sponsors Je kan ELKS steunen met schenkingen! Giften kunnen gebeuren &#8211; Rechtstreeks op de rekening van ELKS via bankoverschrijving &#8211; Met een storting via PayPal. Betalingen op de bankrekening van ELKS The European Latvian Association, reg. no. 40008157244 Adres : L\u0101\u010dpl\u0113\u0161a iela 29-5, LV 1011, Riga. Bank details: Swedbank Latvia, BIC code HABALV22, IBAN number [&hellip;]<\/p>\n","protected":false},"author":6,"featured_media":0,"parent":0,"menu_order":0,"comment_status":"closed","ping_status":"closed","template":"","meta":{"_acf_changed":false,"footnotes":""},"class_list":["post-1486","page","type-page","status-publish","hentry"],"acf":[],"yoast_head":"<!-- This site is optimized with the Yoast SEO plugin v27.4 - https:\/\/yoast.com\/product\/yoast-seo-wordpress\/ -->\n<title>Steun ons - ELKS - Eiropas Latvie\u0161u kult\u016bras sv\u0113tki<\/title>\n<meta name=\"robots\" content=\"index, follow, max-snippet:-1, max-image-preview:large, max-video-preview:-1\" \/>\n<link rel=\"canonical\" href=\"https:\/\/www.elks2015.eu\/nl\/supporters\/\" \/>\n<meta property=\"og:locale\" content=\"nl_NL\" \/>\n<meta property=\"og:type\" content=\"article\" \/>\n<meta property=\"og:title\" content=\"Steun ons - ELKS - Eiropas Latvie\u0161u kult\u016bras sv\u0113tki\" \/>\n<meta property=\"og:description\" content=\"Sponsors Je kan ELKS steunen met schenkingen! Giften kunnen gebeuren &#8211; Rechtstreeks op de rekening van ELKS via bankoverschrijving &#8211; Met een storting via PayPal. Betalingen op de bankrekening van ELKS The European Latvian Association, reg. no. 40008157244 Adres : L\u0101\u010dpl\u0113\u0161a iela 29-5, LV 1011, Riga. Bank details: Swedbank Latvia, BIC code HABALV22, IBAN number [&hellip;]\" \/>\n<meta property=\"og:url\" content=\"https:\/\/www.elks2015.eu\/nl\/supporters\/\" \/>\n<meta property=\"og:site_name\" content=\"ELKS - Eiropas Latvie\u0161u kult\u016bras sv\u0113tki\" \/>\n<meta property=\"article:modified_time\" content=\"2015-12-15T09:39:38+00:00\" \/>\n<script type=\"application\/ld+json\" class=\"yoast-schema-graph\">{\"@context\":\"https:\\\/\\\/schema.org\",\"@graph\":[{\"@type\":\"WebPage\",\"@id\":\"https:\\\/\\\/www.elks2015.eu\\\/nl\\\/supporters\\\/\",\"url\":\"https:\\\/\\\/www.elks2015.eu\\\/nl\\\/supporters\\\/\",\"name\":\"Steun ons - ELKS - Eiropas Latvie\u0161u kult\u016bras sv\u0113tki\",\"isPartOf\":{\"@id\":\"https:\\\/\\\/www.elks2015.eu\\\/#website\"},\"datePublished\":\"2014-12-16T21:28:39+00:00\",\"dateModified\":\"2015-12-15T09:39:38+00:00\",\"breadcrumb\":{\"@id\":\"https:\\\/\\\/www.elks2015.eu\\\/nl\\\/supporters\\\/#breadcrumb\"},\"inLanguage\":\"nl-NL\",\"potentialAction\":[{\"@type\":\"ReadAction\",\"target\":[\"https:\\\/\\\/www.elks2015.eu\\\/nl\\\/supporters\\\/\"]}]},{\"@type\":\"BreadcrumbList\",\"@id\":\"https:\\\/\\\/www.elks2015.eu\\\/nl\\\/supporters\\\/#breadcrumb\",\"itemListElement\":[{\"@type\":\"ListItem\",\"position\":1,\"name\":\"Home\",\"item\":\"https:\\\/\\\/www.elks2015.eu\\\/\"},{\"@type\":\"ListItem\",\"position\":2,\"name\":\"Steun ons\"}]},{\"@type\":\"WebSite\",\"@id\":\"https:\\\/\\\/www.elks2015.eu\\\/#website\",\"url\":\"https:\\\/\\\/www.elks2015.eu\\\/\",\"name\":\"ELKS - Eiropas Latvie\u0161u kult\u016bras sv\u0113tki\",\"description\":\"18.-21.j\u016bnijs 2015, Brisele\",\"potentialAction\":[{\"@type\":\"SearchAction\",\"target\":{\"@type\":\"EntryPoint\",\"urlTemplate\":\"https:\\\/\\\/www.elks2015.eu\\\/?s={search_term_string}\"},\"query-input\":{\"@type\":\"PropertyValueSpecification\",\"valueRequired\":true,\"valueName\":\"search_term_string\"}}],\"inLanguage\":\"nl-NL\"}]}<\/script>\n<!-- \/ Yoast SEO plugin. -->","yoast_head_json":{"title":"Steun ons - ELKS - Eiropas Latvie\u0161u kult\u016bras sv\u0113tki","robots":{"index":"index","follow":"follow","max-snippet":"max-snippet:-1","max-image-preview":"max-image-preview:large","max-video-preview":"max-video-preview:-1"},"canonical":"https:\/\/www.elks2015.eu\/nl\/supporters\/","og_locale":"nl_NL","og_type":"article","og_title":"Steun ons - ELKS - Eiropas Latvie\u0161u kult\u016bras sv\u0113tki","og_description":"Sponsors Je kan ELKS steunen met schenkingen! Giften kunnen gebeuren &#8211; Rechtstreeks op de rekening van ELKS via bankoverschrijving &#8211; Met een storting via PayPal. Betalingen op de bankrekening van ELKS The European Latvian Association, reg. no. 40008157244 Adres : L\u0101\u010dpl\u0113\u0161a iela 29-5, LV 1011, Riga. Bank details: Swedbank Latvia, BIC code HABALV22, IBAN number [&hellip;]","og_url":"https:\/\/www.elks2015.eu\/nl\/supporters\/","og_site_name":"ELKS - Eiropas Latvie\u0161u kult\u016bras sv\u0113tki","article_modified_time":"2015-12-15T09:39:38+00:00","schema":{"@context":"https:\/\/schema.org","@graph":[{"@type":"WebPage","@id":"https:\/\/www.elks2015.eu\/nl\/supporters\/","url":"https:\/\/www.elks2015.eu\/nl\/supporters\/","name":"Steun ons - ELKS - Eiropas Latvie\u0161u kult\u016bras sv\u0113tki","isPartOf":{"@id":"https:\/\/www.elks2015.eu\/#website"},"datePublished":"2014-12-16T21:28:39+00:00","dateModified":"2015-12-15T09:39:38+00:00","breadcrumb":{"@id":"https:\/\/www.elks2015.eu\/nl\/supporters\/#breadcrumb"},"inLanguage":"nl-NL","potentialAction":[{"@type":"ReadAction","target":["https:\/\/www.elks2015.eu\/nl\/supporters\/"]}]},{"@type":"BreadcrumbList","@id":"https:\/\/www.elks2015.eu\/nl\/supporters\/#breadcrumb","itemListElement":[{"@type":"ListItem","position":1,"name":"Home","item":"https:\/\/www.elks2015.eu\/"},{"@type":"ListItem","position":2,"name":"Steun ons"}]},{"@type":"WebSite","@id":"https:\/\/www.elks2015.eu\/#website","url":"https:\/\/www.elks2015.eu\/","name":"ELKS - Eiropas Latvie\u0161u kult\u016bras sv\u0113tki","description":"18.-21.j\u016bnijs 2015, Brisele","potentialAction":[{"@type":"SearchAction","target":{"@type":"EntryPoint","urlTemplate":"https:\/\/www.elks2015.eu\/?s={search_term_string}"},"query-input":{"@type":"PropertyValueSpecification","valueRequired":true,"valueName":"search_term_string"}}],"inLanguage":"nl-NL"}]}},"_links":{"self":[{"href":"https:\/\/www.elks2015.eu\/nl\/wp-json\/wp\/v2\/pages\/1486","targetHints":{"allow":["GET"]}}],"collection":[{"href":"https:\/\/www.elks2015.eu\/nl\/wp-json\/wp\/v2\/pages"}],"about":[{"href":"https:\/\/www.elks2015.eu\/nl\/wp-json\/wp\/v2\/types\/page"}],"author":[{"embeddable":true,"href":"https:\/\/www.elks2015.eu\/nl\/wp-json\/wp\/v2\/users\/6"}],"replies":[{"embeddable":true,"href":"https:\/\/www.elks2015.eu\/nl\/wp-json\/wp\/v2\/comments?post=1486"}],"version-history":[{"count":0,"href":"https:\/\/www.elks2015.eu\/nl\/wp-json\/wp\/v2\/pages\/1486\/revisions"}],"wp:attachment":[{"href":"https:\/\/www.elks2015.eu\/nl\/wp-json\/wp\/v2\/media?parent=1486"}],"curies":[{"name":"wp","href":"https:\/\/api.w.org\/{rel}","templated":true}]}}