{"id":1503,"date":"2014-12-16T01:13:59","date_gmt":"2014-12-15T23:13:59","guid":{"rendered":"http:\/\/www.elks2015.eu\/contacts-3\/"},"modified":"2015-06-26T16:50:34","modified_gmt":"2015-06-26T14:50:34","slug":"contacts","status":"publish","type":"page","link":"https:\/\/www.elks2015.eu\/nl\/contacts\/","title":{"rendered":"Contacten"},"content":{"rendered":"<h2><strong>Het Europees Festival van de Letse Cultuur wordt georganiseerd door:<\/strong><\/h2>\n<p>Europese Letse Vereniging,\u00a0reg. no. 40008157244, adres: L\u0101\u010dpl\u0113\u0161a iela 29-5, LV 1011, Riga,\u00a0Letland<\/p>\n<p>E-mail: prezidijs@ela.lv<\/p>\n<p>Homepage: http:\/\/www.ela.lv<\/p>\n<p>Bank details: Swedbank Latvia, BIC code HABALV22, IBAN nummer LV83HABA0551038658164<\/p>\n","protected":false},"excerpt":{"rendered":"<p>Het Europees Festival van de Letse Cultuur wordt georganiseerd door: Europese Letse Vereniging,\u00a0reg. no. 40008157244, adres: L\u0101\u010dpl\u0113\u0161a iela 29-5, LV 1011, Riga,\u00a0Letland E-mail: prezidijs@ela.lv Homepage: http:\/\/www.ela.lv Bank details: Swedbank Latvia, BIC code HABALV22, IBAN nummer LV83HABA0551038658164<\/p>\n","protected":false},"author":6,"featured_media":0,"parent":0,"menu_order":0,"comment_status":"closed","ping_status":"closed","template":"page-kontakti.php","meta":{"_acf_changed":false,"footnotes":""},"class_list":["post-1503","page","type-page","status-publish","hentry"],"acf":[],"yoast_head":"<!-- This site is optimized with the Yoast SEO plugin v27.5 - https:\/\/yoast.com\/product\/yoast-seo-wordpress\/ -->\n<title>Contacten - ELKS - Eiropas Latvie\u0161u kult\u016bras sv\u0113tki<\/title>\n<meta name=\"robots\" content=\"index, follow, max-snippet:-1, max-image-preview:large, max-video-preview:-1\" \/>\n<link rel=\"canonical\" href=\"https:\/\/www.elks2015.eu\/nl\/contacts\/\" \/>\n<meta property=\"og:locale\" content=\"nl_NL\" \/>\n<meta property=\"og:type\" content=\"article\" \/>\n<meta property=\"og:title\" content=\"Contacten - ELKS - Eiropas Latvie\u0161u kult\u016bras sv\u0113tki\" \/>\n<meta property=\"og:description\" content=\"Het Europees Festival van de Letse Cultuur wordt georganiseerd door: Europese Letse Vereniging,\u00a0reg. no. 40008157244, adres: L\u0101\u010dpl\u0113\u0161a iela 29-5, LV 1011, Riga,\u00a0Letland E-mail: prezidijs@ela.lv Homepage: http:\/\/www.ela.lv Bank details: Swedbank Latvia, BIC code HABALV22, IBAN nummer LV83HABA0551038658164\" \/>\n<meta property=\"og:url\" content=\"https:\/\/www.elks2015.eu\/nl\/contacts\/\" \/>\n<meta property=\"og:site_name\" content=\"ELKS - Eiropas Latvie\u0161u kult\u016bras sv\u0113tki\" \/>\n<meta property=\"article:modified_time\" content=\"2015-06-26T14:50:34+00:00\" \/>\n<script type=\"application\/ld+json\" class=\"yoast-schema-graph\">{\"@context\":\"https:\\\/\\\/schema.org\",\"@graph\":[{\"@type\":\"WebPage\",\"@id\":\"https:\\\/\\\/www.elks2015.eu\\\/nl\\\/contacts\\\/\",\"url\":\"https:\\\/\\\/www.elks2015.eu\\\/nl\\\/contacts\\\/\",\"name\":\"Contacten - ELKS - Eiropas Latvie\u0161u kult\u016bras sv\u0113tki\",\"isPartOf\":{\"@id\":\"https:\\\/\\\/www.elks2015.eu\\\/#website\"},\"datePublished\":\"2014-12-15T23:13:59+00:00\",\"dateModified\":\"2015-06-26T14:50:34+00:00\",\"breadcrumb\":{\"@id\":\"https:\\\/\\\/www.elks2015.eu\\\/nl\\\/contacts\\\/#breadcrumb\"},\"inLanguage\":\"nl-NL\",\"potentialAction\":[{\"@type\":\"ReadAction\",\"target\":[\"https:\\\/\\\/www.elks2015.eu\\\/nl\\\/contacts\\\/\"]}]},{\"@type\":\"BreadcrumbList\",\"@id\":\"https:\\\/\\\/www.elks2015.eu\\\/nl\\\/contacts\\\/#breadcrumb\",\"itemListElement\":[{\"@type\":\"ListItem\",\"position\":1,\"name\":\"Home\",\"item\":\"https:\\\/\\\/www.elks2015.eu\\\/\"},{\"@type\":\"ListItem\",\"position\":2,\"name\":\"Contacten\"}]},{\"@type\":\"WebSite\",\"@id\":\"https:\\\/\\\/www.elks2015.eu\\\/#website\",\"url\":\"https:\\\/\\\/www.elks2015.eu\\\/\",\"name\":\"ELKS - Eiropas Latvie\u0161u kult\u016bras sv\u0113tki\",\"description\":\"18.-21.j\u016bnijs 2015, Brisele\",\"potentialAction\":[{\"@type\":\"SearchAction\",\"target\":{\"@type\":\"EntryPoint\",\"urlTemplate\":\"https:\\\/\\\/www.elks2015.eu\\\/?s={search_term_string}\"},\"query-input\":{\"@type\":\"PropertyValueSpecification\",\"valueRequired\":true,\"valueName\":\"search_term_string\"}}],\"inLanguage\":\"nl-NL\"}]}<\/script>\n<!-- \/ Yoast SEO plugin. -->","yoast_head_json":{"title":"Contacten - ELKS - Eiropas Latvie\u0161u kult\u016bras sv\u0113tki","robots":{"index":"index","follow":"follow","max-snippet":"max-snippet:-1","max-image-preview":"max-image-preview:large","max-video-preview":"max-video-preview:-1"},"canonical":"https:\/\/www.elks2015.eu\/nl\/contacts\/","og_locale":"nl_NL","og_type":"article","og_title":"Contacten - ELKS - Eiropas Latvie\u0161u kult\u016bras sv\u0113tki","og_description":"Het Europees Festival van de Letse Cultuur wordt georganiseerd door: Europese Letse Vereniging,\u00a0reg. no. 40008157244, adres: L\u0101\u010dpl\u0113\u0161a iela 29-5, LV 1011, Riga,\u00a0Letland E-mail: prezidijs@ela.lv Homepage: http:\/\/www.ela.lv Bank details: Swedbank Latvia, BIC code HABALV22, IBAN nummer LV83HABA0551038658164","og_url":"https:\/\/www.elks2015.eu\/nl\/contacts\/","og_site_name":"ELKS - Eiropas Latvie\u0161u kult\u016bras sv\u0113tki","article_modified_time":"2015-06-26T14:50:34+00:00","schema":{"@context":"https:\/\/schema.org","@graph":[{"@type":"WebPage","@id":"https:\/\/www.elks2015.eu\/nl\/contacts\/","url":"https:\/\/www.elks2015.eu\/nl\/contacts\/","name":"Contacten - ELKS - Eiropas Latvie\u0161u kult\u016bras sv\u0113tki","isPartOf":{"@id":"https:\/\/www.elks2015.eu\/#website"},"datePublished":"2014-12-15T23:13:59+00:00","dateModified":"2015-06-26T14:50:34+00:00","breadcrumb":{"@id":"https:\/\/www.elks2015.eu\/nl\/contacts\/#breadcrumb"},"inLanguage":"nl-NL","potentialAction":[{"@type":"ReadAction","target":["https:\/\/www.elks2015.eu\/nl\/contacts\/"]}]},{"@type":"BreadcrumbList","@id":"https:\/\/www.elks2015.eu\/nl\/contacts\/#breadcrumb","itemListElement":[{"@type":"ListItem","position":1,"name":"Home","item":"https:\/\/www.elks2015.eu\/"},{"@type":"ListItem","position":2,"name":"Contacten"}]},{"@type":"WebSite","@id":"https:\/\/www.elks2015.eu\/#website","url":"https:\/\/www.elks2015.eu\/","name":"ELKS - Eiropas Latvie\u0161u kult\u016bras sv\u0113tki","description":"18.-21.j\u016bnijs 2015, Brisele","potentialAction":[{"@type":"SearchAction","target":{"@type":"EntryPoint","urlTemplate":"https:\/\/www.elks2015.eu\/?s={search_term_string}"},"query-input":{"@type":"PropertyValueSpecification","valueRequired":true,"valueName":"search_term_string"}}],"inLanguage":"nl-NL"}]}},"_links":{"self":[{"href":"https:\/\/www.elks2015.eu\/nl\/wp-json\/wp\/v2\/pages\/1503","targetHints":{"allow":["GET"]}}],"collection":[{"href":"https:\/\/www.elks2015.eu\/nl\/wp-json\/wp\/v2\/pages"}],"about":[{"href":"https:\/\/www.elks2015.eu\/nl\/wp-json\/wp\/v2\/types\/page"}],"author":[{"embeddable":true,"href":"https:\/\/www.elks2015.eu\/nl\/wp-json\/wp\/v2\/users\/6"}],"replies":[{"embeddable":true,"href":"https:\/\/www.elks2015.eu\/nl\/wp-json\/wp\/v2\/comments?post=1503"}],"version-history":[{"count":0,"href":"https:\/\/www.elks2015.eu\/nl\/wp-json\/wp\/v2\/pages\/1503\/revisions"}],"wp:attachment":[{"href":"https:\/\/www.elks2015.eu\/nl\/wp-json\/wp\/v2\/media?parent=1503"}],"curies":[{"name":"wp","href":"https:\/\/api.w.org\/{rel}","templated":true}]}}